{"id":5188,"date":"2024-09-26T15:02:04","date_gmt":"2024-09-26T15:02:04","guid":{"rendered":"https:\/\/creawtech.it.ao\/creawtechit\/?page_id=5188"},"modified":"2024-09-26T15:03:06","modified_gmt":"2024-09-26T15:03:06","slug":"contacto","status":"publish","type":"page","link":"https:\/\/creawtech.it.ao\/creawtechit\/contacto\/","title":{"rendered":"Contactos"},"content":{"rendered":"\t\t<div data-elementor-type=\"wp-page\" data-elementor-id=\"5188\" class=\"elementor elementor-5188\">\n\t\t\t\t\t\t<section class=\"elementor-section elementor-top-section elementor-element elementor-element-28ebb8e elementor-section-content-middle ot-traditional elementor-section-boxed elementor-section-height-default elementor-section-height-default wpr-particle-no wpr-jarallax-no wpr-parallax-no wpr-sticky-section-no\" data-id=\"28ebb8e\" data-element_type=\"section\">\n\t\t\t\t\t\t<div class=\"elementor-container elementor-column-gap-extended\">\n\t\t\t\t\t<div class=\"elementor-column elementor-col-50 elementor-top-column elementor-element elementor-element-0089d2e ot-flex-column-vertical\" data-id=\"0089d2e\" data-element_type=\"column\">\n\t\t\t<div class=\"elementor-widget-wrap elementor-element-populated\">\n\t\t\t\t\t\t<div class=\"elementor-element elementor-element-62f45bb elementor-widget elementor-widget-iheading\" data-id=\"62f45bb\" data-element_type=\"widget\" data-widget_type=\"iheading.default\">\n\t\t\t\t<div class=\"elementor-widget-container\">\n\t\t\t\t\t<div class=\"ot-heading\">\r\n\t        \t            <span>\/\/ Informa\u00e7\u00e3o de<\/span>\r\n\t        <h2 class=\"main-heading\">Contactos<\/h2>\t    <\/div>\r\n\t    \t\t<\/div>\n\t\t\t\t<\/div>\n\t\t\t\t<div class=\"elementor-element elementor-element-ee13ebb elementor-widget elementor-widget-text-editor\" data-id=\"ee13ebb\" data-element_type=\"widget\" data-widget_type=\"text-editor.default\">\n\t\t\t\t<div class=\"elementor-widget-container\">\n\t\t\t\t\t\t\t<p>Ligue para n\u00f3s ou visite-nos a qualquer momento, nos esfor\u00e7amos para responder a todas as perguntas dentro de 24 horas em dias \u00fateis. Teremos o maior prazer em responder \u00e0s suas perguntas.<\/p>\t\t\t\t\t\t<\/div>\n\t\t\t\t<\/div>\n\t\t\t\t<div class=\"elementor-element elementor-element-6c4ef2b elementor-widget elementor-widget-icontact_info\" data-id=\"6c4ef2b\" data-element_type=\"widget\" data-widget_type=\"icontact_info.default\">\n\t\t\t\t<div class=\"elementor-widget-container\">\n\t\t\t\t\t\t\t\t    \t<div class=\"contact-info box-style1\">\r\n\t\t\t\t\t<svg aria-hidden=\"true\" class=\"e-font-icon-svg e-fas-map\" viewBox=\"0 0 576 512\" xmlns=\"http:\/\/www.w3.org\/2000\/svg\"><path d=\"M0 117.66v346.32c0 11.32 11.43 19.06 21.94 14.86L160 416V32L20.12 87.95A32.006 32.006 0 0 0 0 117.66zM192 416l192 64V96L192 32v384zM554.06 33.16L416 96v384l139.88-55.95A31.996 31.996 0 0 0 576 394.34V48.02c0-11.32-11.43-19.06-21.94-14.86z\"><\/path><\/svg>\t\t\t    \t\t        \t\t\t        <div class=\"info-text\">\r\n\t\t\t        \t<h6>Endere\u00e7o:<\/h6>\r\n\t\t\t        \t<p>Rua Fracisco Pereira Africano Edif:100 Apt D 2\u00ba Andar<\/p>\r\n\t\t\t        <\/div>\r\n\t\t\t    <\/div>\r\n\t\t    \t    \t\t<\/div>\n\t\t\t\t<\/div>\n\t\t\t\t<div class=\"elementor-element elementor-element-5cc7bb5 elementor-widget elementor-widget-icontact_info\" data-id=\"5cc7bb5\" data-element_type=\"widget\" data-widget_type=\"icontact_info.default\">\n\t\t\t\t<div class=\"elementor-widget-container\">\n\t\t\t\t\t\t\t\t    \t<div class=\"contact-info box-style1\">\r\n\t\t\t\t\t\t\t\t    \t\t        <i class=\"flaticon-envelope\"><\/i>\t\t\t        <div class=\"info-text\">\r\n\t\t\t        \t<h6>E-mail<\/h6>\r\n\t\t\t        \t<p>comercial@creawtech.it.ao<\/p>\r\n\t\t\t        <\/div>\r\n\t\t\t    <\/div>\r\n\t\t    \t    \t\t<\/div>\n\t\t\t\t<\/div>\n\t\t\t\t<div class=\"elementor-element elementor-element-5890f98 elementor-widget elementor-widget-icontact_info\" data-id=\"5890f98\" data-element_type=\"widget\" data-widget_type=\"icontact_info.default\">\n\t\t\t\t<div class=\"elementor-widget-container\">\n\t\t\t\t\t\t\t\t    \t<div class=\"contact-info box-style1\">\r\n\t\t\t\t\t\t\t\t    \t\t        <i class=\"flaticon-phone-1\"><\/i>\t\t\t        <div class=\"info-text\">\r\n\t\t\t        \t<h6>Telefone:<\/h6>\r\n\t\t\t        \t<p>+244 720 980 <br>+244 930 310 271 <br>+244 915 653 109<\/p>\r\n\t\t\t        <\/div>\r\n\t\t\t    <\/div>\r\n\t\t    \t    \t\t<\/div>\n\t\t\t\t<\/div>\n\t\t\t\t\t<\/div>\n\t\t<\/div>\n\t\t\t\t<div class=\"elementor-column elementor-col-50 elementor-top-column elementor-element elementor-element-aa90b96 ot-flex-column-vertical\" data-id=\"aa90b96\" data-element_type=\"column\">\n\t\t\t<div class=\"elementor-widget-wrap elementor-element-populated\">\n\t\t\t\t\t\t<div class=\"elementor-element elementor-element-9a86e29 elementor-widget elementor-widget-shortcode\" data-id=\"9a86e29\" data-element_type=\"widget\" data-widget_type=\"shortcode.default\">\n\t\t\t\t<div class=\"elementor-widget-container\">\n\t\t\t\t\t<div class=\"elementor-shortcode\">[contact-form-7 id=\"1379\" title=\"Main Form\"]<\/div>\n\t\t\t\t<\/div>\n\t\t\t\t<\/div>\n\t\t\t\t\t<\/div>\n\t\t<\/div>\n\t\t\t\t\t<\/div>\n\t\t<\/section>\n\t\t\t\t<section class=\"elementor-section elementor-top-section elementor-element elementor-element-fd131bc elementor-section-full_width ot-traditional elementor-section-height-default elementor-section-height-default wpr-particle-no wpr-jarallax-no wpr-parallax-no wpr-sticky-section-no\" data-id=\"fd131bc\" data-element_type=\"section\">\n\t\t\t\t\t\t<div class=\"elementor-container elementor-column-gap-default\">\n\t\t\t\t\t<div class=\"elementor-column elementor-col-100 elementor-top-column elementor-element elementor-element-a15d99e ot-flex-column-vertical\" data-id=\"a15d99e\" data-element_type=\"column\">\n\t\t\t<div class=\"elementor-widget-wrap elementor-element-populated\">\n\t\t\t\t\t\t<div class=\"elementor-element elementor-element-80ba7d6 elementor-widget elementor-widget-html\" data-id=\"80ba7d6\" data-element_type=\"widget\" data-widget_type=\"html.default\">\n\t\t\t\t<div class=\"elementor-widget-container\">\n\t\t\t<iframe src=\"https:\/\/www.google.com\/maps\/embed?pb=!1m14!1m12!1m3!1d15770.25308998438!2d13.239714681738212!3d-8.827033055915559!2m3!1f0!2f0!3f0!3m2!1i1024!2i768!4f13.1!5e0!3m2!1spt-PT!2sao!4v1727361489253!5m2!1spt-PT!2sao\" width=\"600\" height=\"450\" style=\"border:0;\" allowfullscreen=\"\" loading=\"lazy\" referrerpolicy=\"no-referrer-when-downgrade\"><\/iframe>\t\t<\/div>\n\t\t\t\t<\/div>\n\t\t\t\t\t<\/div>\n\t\t<\/div>\n\t\t\t\t\t<\/div>\n\t\t<\/section>\n\t\t\t\t<\/div>\n\t\t","protected":false},"excerpt":{"rendered":"<p>\/\/ Informa\u00e7\u00e3o de Contactos Ligue para n\u00f3s ou visite-nos a qualquer momento, nos esfor\u00e7amos para responder a todas as perguntas dentro de 24 horas em dias \u00fateis. Teremos o maior prazer em responder \u00e0s suas perguntas. Endere\u00e7o: Rua Fracisco Pereira Africano Edif:100 Apt D 2\u00ba Andar E-mail comercial@creawtech.it.ao Telefone: +244 720 980 +244 930 310 271 +244 915 653 109 [contact-form-7 id=&#8221;1379&#8243; title=&#8221;Main Form&#8221;]<\/p>\n","protected":false},"author":1,"featured_media":0,"parent":0,"menu_order":0,"comment_status":"closed","ping_status":"closed","template":"","meta":{"footnotes":""},"class_list":["post-5188","page","type-page","status-publish","hentry"],"_links":{"self":[{"href":"https:\/\/creawtech.it.ao\/creawtechit\/wp-json\/wp\/v2\/pages\/5188","targetHints":{"allow":["GET"]}}],"collection":[{"href":"https:\/\/creawtech.it.ao\/creawtechit\/wp-json\/wp\/v2\/pages"}],"about":[{"href":"https:\/\/creawtech.it.ao\/creawtechit\/wp-json\/wp\/v2\/types\/page"}],"author":[{"embeddable":true,"href":"https:\/\/creawtech.it.ao\/creawtechit\/wp-json\/wp\/v2\/users\/1"}],"replies":[{"embeddable":true,"href":"https:\/\/creawtech.it.ao\/creawtechit\/wp-json\/wp\/v2\/comments?post=5188"}],"version-history":[{"count":5,"href":"https:\/\/creawtech.it.ao\/creawtechit\/wp-json\/wp\/v2\/pages\/5188\/revisions"}],"predecessor-version":[{"id":5237,"href":"https:\/\/creawtech.it.ao\/creawtechit\/wp-json\/wp\/v2\/pages\/5188\/revisions\/5237"}],"wp:attachment":[{"href":"https:\/\/creawtech.it.ao\/creawtechit\/wp-json\/wp\/v2\/media?parent=5188"}],"curies":[{"name":"wp","href":"https:\/\/api.w.org\/{rel}","templated":true}]}}